{"id":80,"date":"2013-03-19T21:47:58","date_gmt":"2013-03-19T21:47:58","guid":{"rendered":"https:\/\/midiacidada.ufpr.br\/?page_id=80"},"modified":"2013-08-02T04:17:21","modified_gmt":"2013-08-02T04:17:21","slug":"prazos","status":"publish","type":"page","link":"https:\/\/midiacidada.ufpr.br\/?page_id=80","title":{"rendered":"Calend\u00e1rio"},"content":{"rendered":"<p>Confira o cronograma de inscri\u00e7\u00f5es<!--more--><\/p>\n<p><strong>Inscri\u00e7\u00e3o para apresenta\u00e7\u00e3o de trabalho<\/strong><\/p>\n<p><del>at\u00e9 31 de maio de 2013\u00a0<\/del><\/p>\n<p>at\u00e9 dia 17 de junho<\/p>\n<p>&nbsp;<\/p>\n<p><strong>Divulga\u00e7\u00e3o do aceite<\/strong><\/p>\n<p><del>30 de junho<\/del><\/p>\n<p>3 de julho<\/p>\n<p>&nbsp;<\/p>\n<p><strong>Inscri\u00e7\u00e3o de ouvintes e pagamento das inscri\u00e7\u00f5es<\/strong><\/p>\n<p>At\u00e9 31 de julho pela internet ou durante o evento<\/p>\n<p>&nbsp;<\/p>\n<p><strong>Inscri\u00e7\u00e3o para oficinas<\/strong><\/p>\n<p>2 e 3 de agosto<\/p>\n<p>&nbsp;<\/p>\n<p><strong>Realiza\u00e7\u00e3o do evento\u00a0<\/strong><\/p>\n<p>6 a 8 de agosto<\/p>\n<p>&nbsp;<\/p>\n<p><strong>Envio de certificados<\/strong><\/p>\n<p>at\u00e9 dia 13 de agosto (via e-mail)<\/p>\n<p>&nbsp;<\/p>\n<p><strong>\u00a0<\/strong><\/p>\n","protected":false},"excerpt":{"rendered":"<p>Confira o cronograma de inscri\u00e7\u00f5es<\/p>\n","protected":false},"author":1,"featured_media":402,"parent":0,"menu_order":0,"comment_status":"open","ping_status":"closed","template":"","meta":{"footnotes":""},"class_list":["post-80","page","type-page","status-publish","has-post-thumbnail","hentry"],"_links":{"self":[{"href":"https:\/\/midiacidada.ufpr.br\/index.php?rest_route=\/wp\/v2\/pages\/80"}],"collection":[{"href":"https:\/\/midiacidada.ufpr.br\/index.php?rest_route=\/wp\/v2\/pages"}],"about":[{"href":"https:\/\/midiacidada.ufpr.br\/index.php?rest_route=\/wp\/v2\/types\/page"}],"author":[{"embeddable":true,"href":"https:\/\/midiacidada.ufpr.br\/index.php?rest_route=\/wp\/v2\/users\/1"}],"replies":[{"embeddable":true,"href":"https:\/\/midiacidada.ufpr.br\/index.php?rest_route=%2Fwp%2Fv2%2Fcomments&post=80"}],"version-history":[{"count":20,"href":"https:\/\/midiacidada.ufpr.br\/index.php?rest_route=\/wp\/v2\/pages\/80\/revisions"}],"predecessor-version":[{"id":83,"href":"https:\/\/midiacidada.ufpr.br\/index.php?rest_route=\/wp\/v2\/pages\/80\/revisions\/83"}],"wp:featuredmedia":[{"embeddable":true,"href":"https:\/\/midiacidada.ufpr.br\/index.php?rest_route=\/wp\/v2\/media\/402"}],"wp:attachment":[{"href":"https:\/\/midiacidada.ufpr.br\/index.php?rest_route=%2Fwp%2Fv2%2Fmedia&parent=80"}],"curies":[{"name":"wp","href":"https:\/\/api.w.org\/{rel}","templated":true}]}}